{"id":8,"date":"2018-05-09T19:11:32","date_gmt":"2018-05-09T17:11:32","guid":{"rendered":"http:\/\/tppw1918.wschowa.pl\/?page_id=8"},"modified":"2018-07-18T12:15:46","modified_gmt":"2018-07-18T10:15:46","slug":"o-nas","status":"publish","type":"page","link":"http:\/\/tppw1918.wschowa.pl\/index.php\/o-nas\/","title":{"rendered":"O nas"},"content":{"rendered":"<h5><strong>Towarzystwo Pami\u0119ci Powstania Wielkopolskiego<\/strong><\/h5>\n<p><strong>\u00a0<\/strong><\/p>\n<p>&nbsp;<\/p>\n<p style=\"text-align: left;\">Dnia 10 kwietnia 2015 r. w siedzibie Katolickiego Stowarzyszenia \u201eCivitas Christiana\u201d we Wschowie, zosta\u0142o powo\u0142ane do dzia\u0142ania \u201eKo\u0142o TOWARZYSTWA PAMI\u0118CI POWSTANIA WIELKOPOLSKIEGO\u00a0 1918\/1919\u201d. W zebraniu za\u0142o\u017cycielskim uczestniczyli cz\u0142onkowie Zarz\u0105du TPPW Oddzia\u0142u Lubuskiego w\u00a0 Zielonej\u00a0 G\u00f3rze \u2013 Prezes\u00a0 Jerzy Przybecki oraz p. Tomasz Fr\u0105ckowiak jak tez zaproszeni go\u015bcie min. Rodzin powsta\u0144czych oraz dzia\u0142aczy spo\u0142ecznych. \u00a0Przedstawiciele\u00a0 w\u0142adz wy\u017cszego szczebla zapoznali zebranych ze Statutem Towarzystwa oraz sposobami dzia\u0142ania.<\/p>\n<p>W dalszej cz\u0119\u015bci \u00a0z po\u015br\u00f3d zebranych w wyborach bezpo\u015brednich wybrano Prezesa TPPW 1918\/1919 -Zdzis\u0142awa Rygusika.<\/p>\n<div id='gallery-1' class='gallery galleryid-8 gallery-columns-4 gallery-size-full'><figure class='gallery-item'>\n\t\t\t<div class='gallery-icon landscape'>\n\t\t\t\t<a href='http:\/\/tppw1918.wschowa.pl\/wp-content\/uploads\/2018\/07\/P1080030.jpg'><img loading=\"lazy\" decoding=\"async\" width=\"1024\" height=\"575\" src=\"http:\/\/tppw1918.wschowa.pl\/wp-content\/uploads\/2018\/07\/P1080030.jpg\" class=\"attachment-full size-full\" alt=\"\" srcset=\"http:\/\/tppw1918.wschowa.pl\/wp-content\/uploads\/2018\/07\/P1080030.jpg 1024w, http:\/\/tppw1918.wschowa.pl\/wp-content\/uploads\/2018\/07\/P1080030-300x168.jpg 300w, http:\/\/tppw1918.wschowa.pl\/wp-content\/uploads\/2018\/07\/P1080030-768x431.jpg 768w, http:\/\/tppw1918.wschowa.pl\/wp-content\/uploads\/2018\/07\/P1080030-495x278.jpg 495w\" sizes=\"auto, (max-width: 1024px) 100vw, 1024px\" \/><\/a>\n\t\t\t<\/div><\/figure><figure class='gallery-item'>\n\t\t\t<div class='gallery-icon landscape'>\n\t\t\t\t<a href='http:\/\/tppw1918.wschowa.pl\/wp-content\/uploads\/2018\/07\/P1080035.jpg'><img loading=\"lazy\" decoding=\"async\" width=\"1024\" height=\"575\" src=\"http:\/\/tppw1918.wschowa.pl\/wp-content\/uploads\/2018\/07\/P1080035.jpg\" class=\"attachment-full size-full\" alt=\"\" srcset=\"http:\/\/tppw1918.wschowa.pl\/wp-content\/uploads\/2018\/07\/P1080035.jpg 1024w, http:\/\/tppw1918.wschowa.pl\/wp-content\/uploads\/2018\/07\/P1080035-300x168.jpg 300w, http:\/\/tppw1918.wschowa.pl\/wp-content\/uploads\/2018\/07\/P1080035-768x431.jpg 768w, http:\/\/tppw1918.wschowa.pl\/wp-content\/uploads\/2018\/07\/P1080035-495x278.jpg 495w\" sizes=\"auto, (max-width: 1024px) 100vw, 1024px\" \/><\/a>\n\t\t\t<\/div><\/figure><figure class='gallery-item'>\n\t\t\t<div class='gallery-icon landscape'>\n\t\t\t\t<a href='http:\/\/tppw1918.wschowa.pl\/wp-content\/uploads\/2018\/07\/P1080029.jpg'><img loading=\"lazy\" decoding=\"async\" width=\"1024\" height=\"575\" src=\"http:\/\/tppw1918.wschowa.pl\/wp-content\/uploads\/2018\/07\/P1080029.jpg\" class=\"attachment-full size-full\" alt=\"\" srcset=\"http:\/\/tppw1918.wschowa.pl\/wp-content\/uploads\/2018\/07\/P1080029.jpg 1024w, http:\/\/tppw1918.wschowa.pl\/wp-content\/uploads\/2018\/07\/P1080029-300x168.jpg 300w, http:\/\/tppw1918.wschowa.pl\/wp-content\/uploads\/2018\/07\/P1080029-768x431.jpg 768w, http:\/\/tppw1918.wschowa.pl\/wp-content\/uploads\/2018\/07\/P1080029-495x278.jpg 495w\" sizes=\"auto, (max-width: 1024px) 100vw, 1024px\" \/><\/a>\n\t\t\t<\/div><\/figure><figure class='gallery-item'>\n\t\t\t<div class='gallery-icon landscape'>\n\t\t\t\t<a href='http:\/\/tppw1918.wschowa.pl\/wp-content\/uploads\/2018\/07\/P1080032.jpg'><img loading=\"lazy\" decoding=\"async\" width=\"1024\" height=\"575\" src=\"http:\/\/tppw1918.wschowa.pl\/wp-content\/uploads\/2018\/07\/P1080032.jpg\" class=\"attachment-full size-full\" alt=\"\" srcset=\"http:\/\/tppw1918.wschowa.pl\/wp-content\/uploads\/2018\/07\/P1080032.jpg 1024w, http:\/\/tppw1918.wschowa.pl\/wp-content\/uploads\/2018\/07\/P1080032-300x168.jpg 300w, http:\/\/tppw1918.wschowa.pl\/wp-content\/uploads\/2018\/07\/P1080032-768x431.jpg 768w, http:\/\/tppw1918.wschowa.pl\/wp-content\/uploads\/2018\/07\/P1080032-495x278.jpg 495w\" sizes=\"auto, (max-width: 1024px) 100vw, 1024px\" \/><\/a>\n\t\t\t<\/div><\/figure><figure class='gallery-item'>\n\t\t\t<div class='gallery-icon landscape'>\n\t\t\t\t<a href='http:\/\/tppw1918.wschowa.pl\/wp-content\/uploads\/2018\/07\/P1080031.jpg'><img loading=\"lazy\" decoding=\"async\" width=\"1024\" height=\"575\" src=\"http:\/\/tppw1918.wschowa.pl\/wp-content\/uploads\/2018\/07\/P1080031.jpg\" class=\"attachment-full size-full\" alt=\"\" srcset=\"http:\/\/tppw1918.wschowa.pl\/wp-content\/uploads\/2018\/07\/P1080031.jpg 1024w, http:\/\/tppw1918.wschowa.pl\/wp-content\/uploads\/2018\/07\/P1080031-300x168.jpg 300w, http:\/\/tppw1918.wschowa.pl\/wp-content\/uploads\/2018\/07\/P1080031-768x431.jpg 768w, http:\/\/tppw1918.wschowa.pl\/wp-content\/uploads\/2018\/07\/P1080031-495x278.jpg 495w\" sizes=\"auto, (max-width: 1024px) 100vw, 1024px\" \/><\/a>\n\t\t\t<\/div><\/figure><figure class='gallery-item'>\n\t\t\t<div class='gallery-icon landscape'>\n\t\t\t\t<a href='http:\/\/tppw1918.wschowa.pl\/wp-content\/uploads\/2018\/07\/P1080034.jpg'><img loading=\"lazy\" decoding=\"async\" width=\"1024\" height=\"575\" src=\"http:\/\/tppw1918.wschowa.pl\/wp-content\/uploads\/2018\/07\/P1080034.jpg\" class=\"attachment-full size-full\" alt=\"\" srcset=\"http:\/\/tppw1918.wschowa.pl\/wp-content\/uploads\/2018\/07\/P1080034.jpg 1024w, http:\/\/tppw1918.wschowa.pl\/wp-content\/uploads\/2018\/07\/P1080034-300x168.jpg 300w, http:\/\/tppw1918.wschowa.pl\/wp-content\/uploads\/2018\/07\/P1080034-768x431.jpg 768w, http:\/\/tppw1918.wschowa.pl\/wp-content\/uploads\/2018\/07\/P1080034-495x278.jpg 495w\" sizes=\"auto, (max-width: 1024px) 100vw, 1024px\" \/><\/a>\n\t\t\t<\/div><\/figure><figure class='gallery-item'>\n\t\t\t<div class='gallery-icon landscape'>\n\t\t\t\t<a href='http:\/\/tppw1918.wschowa.pl\/wp-content\/uploads\/2018\/07\/P1080033.jpg'><img loading=\"lazy\" decoding=\"async\" width=\"1024\" height=\"575\" src=\"http:\/\/tppw1918.wschowa.pl\/wp-content\/uploads\/2018\/07\/P1080033.jpg\" class=\"attachment-full size-full\" alt=\"\" srcset=\"http:\/\/tppw1918.wschowa.pl\/wp-content\/uploads\/2018\/07\/P1080033.jpg 1024w, http:\/\/tppw1918.wschowa.pl\/wp-content\/uploads\/2018\/07\/P1080033-300x168.jpg 300w, http:\/\/tppw1918.wschowa.pl\/wp-content\/uploads\/2018\/07\/P1080033-768x431.jpg 768w, http:\/\/tppw1918.wschowa.pl\/wp-content\/uploads\/2018\/07\/P1080033-495x278.jpg 495w\" sizes=\"auto, (max-width: 1024px) 100vw, 1024px\" \/><\/a>\n\t\t\t<\/div><\/figure>\n\t\t<\/div>\n\n","protected":false},"excerpt":{"rendered":"<p>Towarzystwo Pami\u0119ci Powstania Wielkopolskiego \u00a0 &nbsp; Dnia 10 kwietnia 2015 r. w siedzibie Katolickiego Stowarzyszenia \u201eCivitas Christiana\u201d we Wschowie, zosta\u0142o powo\u0142ane do dzia\u0142ania \u201eKo\u0142o TOWARZYSTWA PAMI\u0118CI POWSTANIA WIELKOPOLSKIEGO\u00a0 1918\/1919\u201d. W zebraniu za\u0142o\u017cycielskim uczestniczyli cz\u0142onkowie Zarz\u0105du TPPW Oddzia\u0142u Lubuskiego w\u00a0 Zielonej\u00a0 G\u00f3rze \u2013 Prezes\u00a0 Jerzy Przybecki oraz p. Tomasz Fr\u0105ckowiak jak &hellip;<\/p>\n","protected":false},"author":1,"featured_media":5,"parent":0,"menu_order":0,"comment_status":"closed","ping_status":"closed","template":"","meta":{"om_disable_all_campaigns":false,"_monsterinsights_skip_tracking":false,"_monsterinsights_sitenote_active":false,"_monsterinsights_sitenote_note":"","_monsterinsights_sitenote_category":0,"footnotes":""},"class_list":["post-8","page","type-page","status-publish","has-post-thumbnail","hentry"],"aioseo_notices":[],"_links":{"self":[{"href":"http:\/\/tppw1918.wschowa.pl\/index.php\/wp-json\/wp\/v2\/pages\/8","targetHints":{"allow":["GET"]}}],"collection":[{"href":"http:\/\/tppw1918.wschowa.pl\/index.php\/wp-json\/wp\/v2\/pages"}],"about":[{"href":"http:\/\/tppw1918.wschowa.pl\/index.php\/wp-json\/wp\/v2\/types\/page"}],"author":[{"embeddable":true,"href":"http:\/\/tppw1918.wschowa.pl\/index.php\/wp-json\/wp\/v2\/users\/1"}],"replies":[{"embeddable":true,"href":"http:\/\/tppw1918.wschowa.pl\/index.php\/wp-json\/wp\/v2\/comments?post=8"}],"version-history":[{"count":3,"href":"http:\/\/tppw1918.wschowa.pl\/index.php\/wp-json\/wp\/v2\/pages\/8\/revisions"}],"predecessor-version":[{"id":72,"href":"http:\/\/tppw1918.wschowa.pl\/index.php\/wp-json\/wp\/v2\/pages\/8\/revisions\/72"}],"wp:featuredmedia":[{"embeddable":true,"href":"http:\/\/tppw1918.wschowa.pl\/index.php\/wp-json\/wp\/v2\/media\/5"}],"wp:attachment":[{"href":"http:\/\/tppw1918.wschowa.pl\/index.php\/wp-json\/wp\/v2\/media?parent=8"}],"curies":[{"name":"wp","href":"https:\/\/api.w.org\/{rel}","templated":true}]}}