{"id":2,"date":"2018-05-09T18:56:44","date_gmt":"2018-05-09T16:56:44","guid":{"rendered":"http:\/\/tppw1918.wschowa.pl\/?page_id=2"},"modified":"2018-07-18T11:27:59","modified_gmt":"2018-07-18T09:27:59","slug":"przykladowa-strona","status":"publish","type":"page","link":"http:\/\/tppw1918.wschowa.pl\/index.php\/przykladowa-strona\/","title":{"rendered":"WSCHOWSKIE TOWARZYSTWO PAMI\u0118CI POWSTANIA WIELKOPOLSKIEGO 1918-1919"},"content":{"rendered":"<p>WSCHOWSKIE TOWARZYSTWO PAMI\u0118CI<br \/>\nPOWSTANIA WIELKOPOLSKIEGO 1918-1919<br \/>\nSk\u0142ad Rady :<br \/>\n1. FR\u0104CKOWIAK Zygmunt<br \/>\n2. KO\u0141ODYNSKA Stanis\u0142awa (komitet Pami\u0119ci<br \/>\n3. KRAJEWSKA Aleksandra<br \/>\n4. MIZINIAK Janusz<br \/>\n5. NOWICKI Andrzej<br \/>\n6. OMIECZY\u0143SKA Lucyna<br \/>\n7. PRZERACKI J\u00f3zef<br \/>\n8. RYGUSIK Zdzis\u0142aw<br \/>\n9. \u015aWI\u0104TEK Bo\u017cena<br \/>\n10.WOLNICZAKI Tadeusz<\/p>\n","protected":false},"excerpt":{"rendered":"<p>WSCHOWSKIE TOWARZYSTWO PAMI\u0118CI POWSTANIA WIELKOPOLSKIEGO 1918-1919 Sk\u0142ad Rady : 1. FR\u0104CKOWIAK Zygmunt 2. KO\u0141ODYNSKA Stanis\u0142awa (komitet Pami\u0119ci 3. KRAJEWSKA Aleksandra 4. MIZINIAK Janusz 5. NOWICKI Andrzej 6. OMIECZY\u0143SKA Lucyna 7. PRZERACKI J\u00f3zef 8. RYGUSIK Zdzis\u0142aw 9. \u015aWI\u0104TEK Bo\u017cena 10.WOLNICZAKI Tadeusz<\/p>\n","protected":false},"author":1,"featured_media":0,"parent":0,"menu_order":0,"comment_status":"closed","ping_status":"open","template":"","meta":{"om_disable_all_campaigns":false,"_monsterinsights_skip_tracking":false,"_monsterinsights_sitenote_active":false,"_monsterinsights_sitenote_note":"","_monsterinsights_sitenote_category":0,"footnotes":""},"class_list":["post-2","page","type-page","status-publish","hentry"],"aioseo_notices":[],"_links":{"self":[{"href":"http:\/\/tppw1918.wschowa.pl\/index.php\/wp-json\/wp\/v2\/pages\/2","targetHints":{"allow":["GET"]}}],"collection":[{"href":"http:\/\/tppw1918.wschowa.pl\/index.php\/wp-json\/wp\/v2\/pages"}],"about":[{"href":"http:\/\/tppw1918.wschowa.pl\/index.php\/wp-json\/wp\/v2\/types\/page"}],"author":[{"embeddable":true,"href":"http:\/\/tppw1918.wschowa.pl\/index.php\/wp-json\/wp\/v2\/users\/1"}],"replies":[{"embeddable":true,"href":"http:\/\/tppw1918.wschowa.pl\/index.php\/wp-json\/wp\/v2\/comments?post=2"}],"version-history":[{"count":2,"href":"http:\/\/tppw1918.wschowa.pl\/index.php\/wp-json\/wp\/v2\/pages\/2\/revisions"}],"predecessor-version":[{"id":49,"href":"http:\/\/tppw1918.wschowa.pl\/index.php\/wp-json\/wp\/v2\/pages\/2\/revisions\/49"}],"wp:attachment":[{"href":"http:\/\/tppw1918.wschowa.pl\/index.php\/wp-json\/wp\/v2\/media?parent=2"}],"curies":[{"name":"wp","href":"https:\/\/api.w.org\/{rel}","templated":true}]}}